{"id":9,"date":"2023-09-05T08:28:22","date_gmt":"2023-09-05T06:28:22","guid":{"rendered":"https:\/\/tillfreigang.de\/?page_id=9"},"modified":"2026-04-09T07:13:50","modified_gmt":"2026-04-09T05:13:50","slug":"willkommen-auf-meiner-cafm-beratungsseite","status":"publish","type":"page","link":"https:\/\/tillfreigang.de\/en\/","title":{"rendered":"Welcome to my CAFM consulting site"},"content":{"rendered":"<p>I am your expert in CAFM (Computer-Aided Facility Management), providing a wide range of services to optimize your operational processes and efficiently manage your properties. <\/p>\n\n\n\n<div class=\"wp-block-group has-global-padding is-layout-constrained wp-block-group-is-layout-constrained\">\n<figure class=\"wp-block-image aligncenter size-full\"><img loading=\"lazy\" decoding=\"async\" width=\"320\" height=\"453\" src=\"https:\/\/tillfreigang.de\/wp-content\/uploads\/2023\/09\/CAFM-Berater-Till-Freigang-1.jpg\" alt=\"\" class=\"wp-image-28\" srcset=\"https:\/\/tillfreigang.de\/wp-content\/uploads\/2023\/09\/CAFM-Berater-Till-Freigang-1.jpg 320w, https:\/\/tillfreigang.de\/wp-content\/uploads\/2023\/09\/CAFM-Berater-Till-Freigang-1-212x300.jpg 212w\" sizes=\"auto, (max-width: 320px) 100vw, 320px\" \/><\/figure>\n<\/div>\n\n\n\n<p>I follow a system-neutral approach to IT and process consulting, which I also provide via <a href=\"http:\/\/www.it-gebaeude.de\" data-type=\"link\" data-id=\"www.it-gebaeude.de\">it-gebaeude.de.<\/a> The objective is not just to enhance individual systems, but to holistically assess your entire IT and process landscape and define a clear, actionable roadmap for your future development.<\/p>\n\n\n\n<p>As a freelancer, I offer best practise solutions in the following areas:<\/p>\n\n\n\n<h5 class=\"wp-block-heading\"><strong>1. SPACE MANAGEMENT:<\/strong><\/h5>\n\n\n\n<p>I assist you in effectively managing your spaces by helping you keep track of space utilization and availability, allowing you to optimize your resources.<\/p>\n\n\n\n<h5 class=\"wp-block-heading\"><strong>2. MAINTENANCE MANAGEMENT:<\/strong><\/h5>\n\n\n\n<p>Proper maintenance of your facilities is crucial for smooth operations. I develop individual maintenance strategies and implementations to extend the lifespan of your facilities and minimize downtime.<\/p>\n\n\n\n<h5 class=\"wp-block-heading\"><strong>3. CONSUMPTION DATA CAPTURE:<\/strong><\/h5>\n\n\n\n<p>Together, we can better monitor and manage energy consumption and other resources to reduce costs and act environmentally consciously.<\/p>\n\n\n\n<h5 class=\"wp-block-heading\"><strong>4. STANDARDIZATION<\/strong><\/h5>\n\n\n\n<p>My services also include the standardization of facility identification keys and the structure of DWG drawings to enhance the clarity and efficiency of your technical documentation.<\/p>\n\n\n\n<p>My comprehensive services cover the entire lifecycle of your CAFM system:<\/p>\n\n\n\n<p><strong>Consulting:<\/strong> I start with a thorough analysis of your needs and advise you on selecting the best solutions for your specific situation.<\/p>\n\n\n\n<p><strong>Creating concepts:<\/strong> Together, we develop the best practise concept that considers all your requirements.<\/p>\n\n\n\n<p><strong>Customizing:<\/strong> I optimize your CAFM software, including SAP and AutoCAD, for your company. Specializing in SAP, I integrate customized adjustments for the SAP CLM, RE-FX, and PM modules. This ensures efficient real estate management and asset maintenance tailored precisely to your company's needs.<\/p>\n\n\n\n<p><strong>Testing:<\/strong> Before implementing the solution, I conduct extensive tests to ensure everything functions smoothly.<\/p>\n\n\n\n<p><strong>Training:<\/strong> I train your staff to effectively use the software and provide ongoing training to keep your team up to date.<\/p>\n\n\n\n<p><strong>Support:<\/strong> My support is continuous. I am always available to solve issues, answer questions, and ensure your CAFM systems operate optimally.<\/p>\n\n\n\n<p>Trust in my experience and commitment to excellence in CAFM. Contact me today to learn more about my services and how I can support your business:<\/p>\n\n\n\n<p>Consulting Till Freigang<br>Mobile: +49 177 7610447<br>Email: info@tillfreigang.de<\/p>","protected":false},"excerpt":{"rendered":"<p>Ich bin Ihr Experte f\u00fcr CAFM (Computer-Aided Facility Management) und stehe Ihnen mit einer breiten Palette von Dienstleistungen zur Verf\u00fcgung, um Ihre betrieblichen Abl\u00e4ufe zu optimieren und Ihre Immobilien effizienter zu verwalten. Dabei setze ich auf eine systemneutrale IT- und Prozessberatung, wie ich sie auch \u00fcber it-gebaeude.de anbiete. Ziel ist es, nicht nur einzelne Systeme [&hellip;]<\/p>\n","protected":false},"author":1,"featured_media":0,"parent":0,"menu_order":0,"comment_status":"closed","ping_status":"closed","template":"","meta":{"iawp_total_views":577,"footnotes":""},"class_list":["post-9","page","type-page","status-publish","hentry"],"_links":{"self":[{"href":"https:\/\/tillfreigang.de\/en\/wp-json\/wp\/v2\/pages\/9","targetHints":{"allow":["GET"]}}],"collection":[{"href":"https:\/\/tillfreigang.de\/en\/wp-json\/wp\/v2\/pages"}],"about":[{"href":"https:\/\/tillfreigang.de\/en\/wp-json\/wp\/v2\/types\/page"}],"author":[{"embeddable":true,"href":"https:\/\/tillfreigang.de\/en\/wp-json\/wp\/v2\/users\/1"}],"replies":[{"embeddable":true,"href":"https:\/\/tillfreigang.de\/en\/wp-json\/wp\/v2\/comments?post=9"}],"version-history":[{"count":10,"href":"https:\/\/tillfreigang.de\/en\/wp-json\/wp\/v2\/pages\/9\/revisions"}],"predecessor-version":[{"id":85,"href":"https:\/\/tillfreigang.de\/en\/wp-json\/wp\/v2\/pages\/9\/revisions\/85"}],"wp:attachment":[{"href":"https:\/\/tillfreigang.de\/en\/wp-json\/wp\/v2\/media?parent=9"}],"curies":[{"name":"wp","href":"https:\/\/api.w.org\/{rel}","templated":true}]}}