{"id":35,"date":"2023-09-07T17:11:37","date_gmt":"2023-09-07T15:11:37","guid":{"rendered":"https:\/\/tillfreigang.de\/?page_id=35"},"modified":"2023-11-06T09:24:53","modified_gmt":"2023-11-06T08:24:53","slug":"impressum","status":"publish","type":"page","link":"https:\/\/tillfreigang.de\/en\/impressum\/","title":{"rendered":"Imprint"},"content":{"rendered":"<p>Consulting Till Freigang<br>Salomonstra\u00dfe 4<br>02826 G\u00f6rlitz, Germany<\/p>\n\n\n\n<p>Mobile: +49 177 7610447<br>Email: info@tillfreigang.de<\/p>\n\n\n\n<p>USt-Ident-Nr.: DE362939041<\/p>\n\n\n\n<h4 class=\"wp-block-heading\">Disclaimer<\/h4>\n\n\n\n<h5 class=\"wp-block-heading\">CONTENT<\/h5>\n\n\n\n<p>The content of my online offering has been and is created with the utmost care. Nevertheless, I cannot guarantee the timeliness, accuracy, completeness, or quality of the provided information.<\/p>\n\n\n\n<p>Liability claims against me relating to material or immaterial damage caused by the use or non-use of the offered information or by the use of incorrect or incomplete information are fundamentally excluded, unless there is proven intentional or gross negligence on my part.<\/p>\n\n\n\n<p>All offers are non-binding and without obligation. I expressly reserve the right to change, expand, delete parts of the website or the entire offering without separate notice, or to temporarily or permanently cease publication.<\/p>\n\n\n\n<h5 class=\"wp-block-heading\">REFERENCES AND LINKS<\/h5>\n\n\n\n<p>In the case of references to external websites (\"links\") that are beyond my area of responsibility, liability only comes into effect if I have knowledge of illegal content and it is technically possible and reasonable to prevent use in the event of illegal content.<\/p>\n\n\n\n<p>I hereby expressly declare that at the time of setting the links, no illegal content was recognizable on the linked pages. However, ongoing monitoring of the linked pages' content without concrete evidence of a legal violation is not reasonable. In the event of becoming aware of legal violations on linked pages, I will promptly remove such links. I have no influence on the current and future design, content, or authorship of the linked pages and expressly distance myself from all content that has changed since the link was set. This distancing applies to all links and references placed within my own internet offering as well as to external entries in guest books, discussion forums, and mailing lists that I have set up. The provider of the linked page, not the one who merely refers to the respective publication, is solely liable for illegal, incorrect, or incomplete content, as well as for damages resulting from the use or non-use of such information.<\/p>\n\n\n\n<h5 class=\"wp-block-heading\">LEGAL VALIDITY OF THIS DISCLAIMER<\/h5>\n\n\n\n<p>This disclaimer is to be regarded as an integral part of the internet offering from which this page was referenced. Should parts or individual formulations of this text not, no longer, or not completely correspond to the current legal situation, the remaining parts of the document remain unaffected in their content and validity.<\/p>","protected":false},"excerpt":{"rendered":"<p>Consulting Till FreigangSalomonstra\u00dfe 402826 G\u00f6rlitz Mobil: +49 177 7610447E-Mail: info@tillfreigang.de USt-Ident-Nr.: DE362939041 Haftungsausschluss\/ Disclaimer Inhalt Die Inhalte meines Online-Angebots wurden und werden mit gr\u00f6\u00dfter Sorgfalt \u00fcberpr\u00fcft und erstellt. Trotzdem kann ich keine Gew\u00e4hr f\u00fcr die Aktualit\u00e4t, Richtigkeit, Vollst\u00e4ndigkeit oder Qualit\u00e4t der bereitgestellten Informationen \u00fcbernehmen. Haftungsanspr\u00fcche gegen mich, die sich auf Sch\u00e4den materieller oder immaterieller Art [&hellip;]<\/p>\n","protected":false},"author":1,"featured_media":0,"parent":0,"menu_order":0,"comment_status":"closed","ping_status":"closed","template":"","meta":{"iawp_total_views":98,"footnotes":""},"class_list":["post-35","page","type-page","status-publish","hentry"],"_links":{"self":[{"href":"https:\/\/tillfreigang.de\/en\/wp-json\/wp\/v2\/pages\/35","targetHints":{"allow":["GET"]}}],"collection":[{"href":"https:\/\/tillfreigang.de\/en\/wp-json\/wp\/v2\/pages"}],"about":[{"href":"https:\/\/tillfreigang.de\/en\/wp-json\/wp\/v2\/types\/page"}],"author":[{"embeddable":true,"href":"https:\/\/tillfreigang.de\/en\/wp-json\/wp\/v2\/users\/1"}],"replies":[{"embeddable":true,"href":"https:\/\/tillfreigang.de\/en\/wp-json\/wp\/v2\/comments?post=35"}],"version-history":[{"count":4,"href":"https:\/\/tillfreigang.de\/en\/wp-json\/wp\/v2\/pages\/35\/revisions"}],"predecessor-version":[{"id":53,"href":"https:\/\/tillfreigang.de\/en\/wp-json\/wp\/v2\/pages\/35\/revisions\/53"}],"wp:attachment":[{"href":"https:\/\/tillfreigang.de\/en\/wp-json\/wp\/v2\/media?parent=35"}],"curies":[{"name":"wp","href":"https:\/\/api.w.org\/{rel}","templated":true}]}}